{"id":32,"date":"2021-04-22T11:44:38","date_gmt":"2021-04-22T11:44:38","guid":{"rendered":"http:\/\/duermueller-bootsdecken.ch\/neu\/?page_id=32"},"modified":"2023-04-03T12:39:12","modified_gmt":"2023-04-03T12:39:12","slug":"firma","status":"publish","type":"page","link":"https:\/\/duermueller-bootsdecken.ch\/neu\/firma\/","title":{"rendered":"Firma"},"content":{"rendered":"\n<h2 class=\"wp-block-heading\">Ihr Partner seit 1963<\/h2>\n\n\n\n<p class=\"has-neve-link-hover-color-color has-text-color\">4. April 2023:<br>60 Jahre<strong> <em style=\"color:red\">D\u00fcrm\u00fcller <\/em><span style=\"color:#0000ff\">Bootsdecke<\/span>n-Verdecke<\/strong><\/p>\n\n\n\n<p>30. Juni 2003:<br>Auf Wunsch von Albert D\u00fcrm\u00fcller sen. \u00fcbernahm sein Sohn die Firma, w\u00e4hrend er selbst noch beratend zur Seite steht. Die D\u00fcrm\u00fcller AG wird seitdem in bew\u00e4hrter Tradition weitergef\u00fchrt und garantiert seinen Kunden qualitativ hochstehende Arbeit.<\/p>\n\n\n\n<p>\u200bFr\u00fchling 1989:<br>Nach einj\u00e4hriger Umbauphase konnte die Werkstatt an der Vogelaustrasse 2 in Rapperswil-Jona bezogen werden. In den grossz\u00fcgigen und modern eingerichteten R\u00e4umlichkeiten k\u00f6nnen nun Bootsdecken jeglicher Gr\u00f6sse erstellt werden.<\/p>\n\n\n\n<p>\u200b17. April 1988:<br>Im Anschluss an seine abgeschlossene Lehre als Carrosseriesattler begann Albert D\u00fcrm\u00fcller jun. seine Arbeit im elterlichen Betrieb.<\/p>\n\n\n\n<p>\u200b4. April 1963:<br>Gr\u00fcndung der Autosattlerei D\u00fcrm\u00fcller durch Albert D\u00fcrm\u00fcller sen., der sich als gelernter Sattler, Tapezierer und Autosattler auf die Restauration von Oldtimern und die Polsterung von Motorbooten spezialisierte. Als passionierter Wassersportfreund konnte er sich letztlich f\u00fcr die Ausstattung von Motor- und Segelbooten am meisten begeistern. Mit Massanfertigungen von u. a. Bootsdecken, Verdecken und Segelh\u00fcllen verstand er es, optimal auf ganz individuelle Kundenw\u00fcnsche einzugehen. Somit war die Firma D\u00fcrm\u00fcller Bootsdecken \u2013 Verdecke geboren.<\/p>\n","protected":false},"excerpt":{"rendered":"<p>Ihr Partner seit 1963 4. April 2023:60 Jahre D\u00fcrm\u00fcller Bootsdecken-Verdecke 30. Juni 2003:Auf Wunsch von Albert D\u00fcrm\u00fcller sen. \u00fcbernahm sein Sohn die Firma, w\u00e4hrend er selbst noch beratend zur Seite steht. Die D\u00fcrm\u00fcller AG wird seitdem in bew\u00e4hrter Tradition weitergef\u00fchrt und garantiert seinen Kunden qualitativ hochstehende Arbeit. \u200bFr\u00fchling 1989:Nach einj\u00e4hriger Umbauphase konnte die Werkstatt an&hellip;&nbsp;<a href=\"https:\/\/duermueller-bootsdecken.ch\/neu\/firma\/\" class=\"\" rel=\"bookmark\">Weiterlesen &raquo;<span class=\"screen-reader-text\">Firma<\/span><\/a><\/p>\n","protected":false},"author":1,"featured_media":0,"parent":0,"menu_order":0,"comment_status":"closed","ping_status":"closed","template":"","meta":{"inline_featured_image":false,"neve_meta_sidebar":"full-width","neve_meta_container":"","neve_meta_enable_content_width":"on","neve_meta_content_width":100,"neve_meta_title_alignment":"","neve_meta_author_avatar":"","neve_post_elements_order":"","neve_meta_disable_header":"","neve_meta_disable_footer":"","neve_meta_disable_title":"","footnotes":""},"class_list":["post-32","page","type-page","status-publish","hentry"],"_links":{"self":[{"href":"https:\/\/duermueller-bootsdecken.ch\/neu\/wp-json\/wp\/v2\/pages\/32","targetHints":{"allow":["GET"]}}],"collection":[{"href":"https:\/\/duermueller-bootsdecken.ch\/neu\/wp-json\/wp\/v2\/pages"}],"about":[{"href":"https:\/\/duermueller-bootsdecken.ch\/neu\/wp-json\/wp\/v2\/types\/page"}],"author":[{"embeddable":true,"href":"https:\/\/duermueller-bootsdecken.ch\/neu\/wp-json\/wp\/v2\/users\/1"}],"replies":[{"embeddable":true,"href":"https:\/\/duermueller-bootsdecken.ch\/neu\/wp-json\/wp\/v2\/comments?post=32"}],"version-history":[{"count":11,"href":"https:\/\/duermueller-bootsdecken.ch\/neu\/wp-json\/wp\/v2\/pages\/32\/revisions"}],"predecessor-version":[{"id":607,"href":"https:\/\/duermueller-bootsdecken.ch\/neu\/wp-json\/wp\/v2\/pages\/32\/revisions\/607"}],"wp:attachment":[{"href":"https:\/\/duermueller-bootsdecken.ch\/neu\/wp-json\/wp\/v2\/media?parent=32"}],"curies":[{"name":"wp","href":"https:\/\/api.w.org\/{rel}","templated":true}]}}