{"id":38,"date":"2021-04-22T11:53:23","date_gmt":"2021-04-22T11:53:23","guid":{"rendered":"http:\/\/duermueller-bootsdecken.ch\/neu\/?page_id=38"},"modified":"2021-11-17T11:06:25","modified_gmt":"2021-11-17T11:06:25","slug":"bootsdecken-fuer-motorboote","status":"publish","type":"page","link":"https:\/\/duermueller-bootsdecken.ch\/neu\/bootsdecken-fuer-motorboote\/","title":{"rendered":"Motorboote"},"content":{"rendered":"\n<h2 class=\"wp-block-heading\">Bootsdecken f\u00fcr Motorboote<\/h2>\n\n\n\n<p>Wenn Sie sich entscheiden f\u00fcr Ihr Motorboot eine Bootsdecke anzufertigen, gen\u00fcgt ein Anruf und wir vereinbaren einen unverbindlichen Termin bei Ihrem Boot bei dem Sie uns Ihre W\u00fcnsche wie die neue Bootsdecke auszusehen hat mitteilen k\u00f6nnen. Gerne zeigen wir Ihnen vor Ort die verschieden Materialien die f\u00fcr die jeweiligen gew\u00fcnschten Abdeckungen geeignet sind.<\/p>\n\n\n\n<p>Wir sind darauf bedacht unsere Kunden nach bestem fachm\u00e4nnischen Wissen zu beraten damit Sie sp\u00e4ter ein Produkt bekommen das Ihnen viele Jahre Freude bereitet.<\/p>\n\n\n\n<div class=\"alignnormal\"><div id=\"metaslider-id-370\" style=\"max-width: 900px;\" class=\"ml-slider-3-102-0 metaslider metaslider-flex metaslider-370 ml-slider has-dots-nav ms-theme-cubic\" role=\"region\" aria-label=\"Motorboote\" data-height=\"600\" data-width=\"900\">\n    <div id=\"metaslider_container_370\">\n        <div id=\"metaslider_370\">\n            <ul class='slides'>\n                <li style=\"display: block; width: 100%;\" class=\"slide-406 ms-image \" aria-roledescription=\"slide\" data-date=\"2021-11-17 10:53:49\" data-slide-type=\"image\"><img loading=\"lazy\" decoding=\"async\" src=\"https:\/\/duermueller-bootsdecken.ch\/neu\/wp-content\/uploads\/2021\/11\/Cockpitdecke-900x600.jpg\" height=\"600\" width=\"900\" alt=\"\" class=\"slider-370 slide-406 msDefaultImage\" title=\"Cockpitdecke\" \/><\/li>\n                <li style=\"display: none; width: 100%;\" class=\"slide-407 ms-image \" aria-roledescription=\"slide\" data-date=\"2021-11-17 10:53:49\" data-slide-type=\"image\"><img loading=\"lazy\" decoding=\"async\" src=\"https:\/\/duermueller-bootsdecken.ch\/neu\/wp-content\/uploads\/2021\/11\/IMG-20211116-WA0009-900x600.jpg\" height=\"600\" width=\"900\" alt=\"\" class=\"slider-370 slide-407 msDefaultImage\" title=\"IMG-20211116-WA0009\" \/><\/li>\n                <li style=\"display: none; width: 100%;\" class=\"slide-408 ms-image \" aria-roledescription=\"slide\" data-date=\"2021-11-17 10:53:49\" data-slide-type=\"image\"><img loading=\"lazy\" decoding=\"async\" src=\"https:\/\/duermueller-bootsdecken.ch\/neu\/wp-content\/uploads\/2021\/11\/IMG-20211116-WA0010-900x600.jpg\" height=\"600\" width=\"900\" alt=\"\" class=\"slider-370 slide-408 msDefaultImage\" title=\"IMG-20211116-WA0010\" \/><\/li>\n                <li style=\"display: none; width: 100%;\" class=\"slide-409 ms-image \" aria-roledescription=\"slide\" data-date=\"2021-11-17 10:53:49\" data-slide-type=\"image\"><img loading=\"lazy\" decoding=\"async\" src=\"https:\/\/duermueller-bootsdecken.ch\/neu\/wp-content\/uploads\/2021\/11\/IMG-20211116-WA0011-900x600.jpg\" height=\"600\" width=\"900\" alt=\"\" class=\"slider-370 slide-409 msDefaultImage\" title=\"IMG-20211116-WA0011\" \/><\/li>\n                <li style=\"display: none; width: 100%;\" class=\"slide-410 ms-image \" aria-roledescription=\"slide\" data-date=\"2021-11-17 10:53:49\" data-slide-type=\"image\"><img loading=\"lazy\" decoding=\"async\" src=\"https:\/\/duermueller-bootsdecken.ch\/neu\/wp-content\/uploads\/2021\/11\/IMG-20211116-WA0013-900x600.jpg\" height=\"600\" width=\"900\" alt=\"\" class=\"slider-370 slide-410 msDefaultImage\" title=\"IMG-20211116-WA0013\" \/><\/li>\n                <li style=\"display: none; width: 100%;\" class=\"slide-411 ms-image \" aria-roledescription=\"slide\" data-date=\"2021-11-17 10:53:49\" data-slide-type=\"image\"><img loading=\"lazy\" decoding=\"async\" src=\"https:\/\/duermueller-bootsdecken.ch\/neu\/wp-content\/uploads\/2021\/11\/IMG-20211116-WA0019-900x600.jpg\" height=\"600\" width=\"900\" alt=\"\" class=\"slider-370 slide-411 msDefaultImage\" title=\"IMG-20211116-WA0019\" \/><\/li>\n                <li style=\"display: none; width: 100%;\" class=\"slide-412 ms-image \" aria-roledescription=\"slide\" data-date=\"2021-11-17 10:53:50\" data-slide-type=\"image\"><img loading=\"lazy\" decoding=\"async\" src=\"https:\/\/duermueller-bootsdecken.ch\/neu\/wp-content\/uploads\/2021\/11\/IMG-20211116-WA0021-900x600.jpg\" height=\"600\" width=\"900\" alt=\"\" class=\"slider-370 slide-412 msDefaultImage\" title=\"IMG-20211116-WA0021\" \/><\/li>\n                <li style=\"display: none; width: 100%;\" class=\"slide-413 ms-image \" aria-roledescription=\"slide\" data-date=\"2021-11-17 10:53:50\" data-slide-type=\"image\"><img loading=\"lazy\" decoding=\"async\" src=\"https:\/\/duermueller-bootsdecken.ch\/neu\/wp-content\/uploads\/2021\/11\/IMG-20211116-WA0022-900x600.jpg\" height=\"600\" width=\"900\" alt=\"\" class=\"slider-370 slide-413 msDefaultImage\" title=\"IMG-20211116-WA0022\" \/><\/li>\n                <li style=\"display: none; width: 100%;\" class=\"slide-414 ms-image \" aria-roledescription=\"slide\" data-date=\"2021-11-17 10:53:50\" data-slide-type=\"image\"><img loading=\"lazy\" decoding=\"async\" src=\"https:\/\/duermueller-bootsdecken.ch\/neu\/wp-content\/uploads\/2021\/11\/IMG-20211116-WA0024-900x600.jpg\" height=\"600\" width=\"900\" alt=\"\" class=\"slider-370 slide-414 msDefaultImage\" title=\"IMG-20211116-WA0024\" \/><\/li>\n                <li style=\"display: none; width: 100%;\" class=\"slide-415 ms-image \" aria-roledescription=\"slide\" data-date=\"2021-11-17 10:53:50\" data-slide-type=\"image\"><img loading=\"lazy\" decoding=\"async\" src=\"https:\/\/duermueller-bootsdecken.ch\/neu\/wp-content\/uploads\/2021\/11\/IMG-20211116-WA0025-900x600.jpg\" height=\"600\" width=\"900\" alt=\"\" class=\"slider-370 slide-415 msDefaultImage\" title=\"IMG-20211116-WA0025\" \/><\/li>\n                <li style=\"display: none; width: 100%;\" class=\"slide-416 ms-image \" aria-roledescription=\"slide\" data-date=\"2021-11-17 10:53:50\" data-slide-type=\"image\"><img loading=\"lazy\" decoding=\"async\" src=\"https:\/\/duermueller-bootsdecken.ch\/neu\/wp-content\/uploads\/2021\/11\/IMG-20211116-WA0026-900x600.jpg\" height=\"600\" width=\"900\" alt=\"\" class=\"slider-370 slide-416 msDefaultImage\" title=\"IMG-20211116-WA0026\" \/><\/li>\n                <li style=\"display: none; width: 100%;\" class=\"slide-417 ms-image \" aria-roledescription=\"slide\" data-date=\"2021-11-17 10:53:50\" data-slide-type=\"image\"><img loading=\"lazy\" decoding=\"async\" src=\"https:\/\/duermueller-bootsdecken.ch\/neu\/wp-content\/uploads\/2021\/11\/IMG-20211116-WA0027-900x600.jpg\" height=\"600\" width=\"900\" alt=\"\" class=\"slider-370 slide-417 msDefaultImage\" title=\"IMG-20211116-WA0027\" \/><\/li>\n                <li style=\"display: none; width: 100%;\" class=\"slide-418 ms-image \" aria-roledescription=\"slide\" data-date=\"2021-11-17 10:53:50\" data-slide-type=\"image\"><img loading=\"lazy\" decoding=\"async\" src=\"https:\/\/duermueller-bootsdecken.ch\/neu\/wp-content\/uploads\/2021\/11\/IMG-20211116-WA0032-900x600.jpg\" height=\"600\" width=\"900\" alt=\"\" class=\"slider-370 slide-418 msDefaultImage\" title=\"IMG-20211116-WA0032\" \/><\/li>\n                <li style=\"display: none; width: 100%;\" class=\"slide-419 ms-image \" aria-roledescription=\"slide\" data-date=\"2021-11-17 10:53:50\" data-slide-type=\"image\"><img loading=\"lazy\" decoding=\"async\" src=\"https:\/\/duermueller-bootsdecken.ch\/neu\/wp-content\/uploads\/2021\/11\/IMG-20211116-WA0033-900x600.jpg\" height=\"600\" width=\"900\" alt=\"\" class=\"slider-370 slide-419 msDefaultImage\" title=\"IMG-20211116-WA0033\" \/><\/li>\n                <li style=\"display: none; width: 100%;\" class=\"slide-420 ms-image \" aria-roledescription=\"slide\" data-date=\"2021-11-17 10:53:50\" data-slide-type=\"image\"><img loading=\"lazy\" decoding=\"async\" src=\"https:\/\/duermueller-bootsdecken.ch\/neu\/wp-content\/uploads\/2021\/11\/IMG-20211116-WA0034-900x600.jpg\" height=\"600\" width=\"900\" alt=\"\" class=\"slider-370 slide-420 msDefaultImage\" title=\"IMG-20211116-WA0034\" \/><\/li>\n                <li style=\"display: none; width: 100%;\" class=\"slide-421 ms-image \" aria-roledescription=\"slide\" data-date=\"2021-11-17 10:53:50\" data-slide-type=\"image\"><img loading=\"lazy\" decoding=\"async\" src=\"https:\/\/duermueller-bootsdecken.ch\/neu\/wp-content\/uploads\/2021\/11\/IMG-20211116-WA0036-900x600.jpg\" height=\"600\" width=\"900\" alt=\"\" class=\"slider-370 slide-421 msDefaultImage\" title=\"IMG-20211116-WA0036\" \/><\/li>\n                <li style=\"display: none; width: 100%;\" class=\"slide-422 ms-image \" aria-roledescription=\"slide\" data-date=\"2021-11-17 10:53:50\" data-slide-type=\"image\"><img loading=\"lazy\" decoding=\"async\" src=\"https:\/\/duermueller-bootsdecken.ch\/neu\/wp-content\/uploads\/2021\/11\/IMG-20211116-WA0037-900x600.jpg\" height=\"600\" width=\"900\" alt=\"\" class=\"slider-370 slide-422 msDefaultImage\" title=\"IMG-20211116-WA0037\" \/><\/li>\n                <li style=\"display: none; width: 100%;\" class=\"slide-423 ms-image \" aria-roledescription=\"slide\" data-date=\"2021-11-17 10:53:50\" data-slide-type=\"image\"><img loading=\"lazy\" decoding=\"async\" src=\"https:\/\/duermueller-bootsdecken.ch\/neu\/wp-content\/uploads\/2021\/11\/IMG-20211116-WA0038-900x600.jpg\" height=\"600\" width=\"900\" alt=\"\" class=\"slider-370 slide-423 msDefaultImage\" title=\"IMG-20211116-WA0038\" \/><\/li>\n                <li style=\"display: none; width: 100%;\" class=\"slide-424 ms-image \" aria-roledescription=\"slide\" data-date=\"2021-11-17 10:53:50\" data-slide-type=\"image\"><img loading=\"lazy\" decoding=\"async\" src=\"https:\/\/duermueller-bootsdecken.ch\/neu\/wp-content\/uploads\/2021\/11\/Schlauchboot-900x600.jpg\" height=\"600\" width=\"900\" alt=\"\" class=\"slider-370 slide-424 msDefaultImage\" title=\"Schlauchboot\" \/><\/li>\n                <li style=\"display: none; width: 100%;\" class=\"slide-425 ms-image \" aria-roledescription=\"slide\" data-date=\"2021-11-17 10:53:50\" data-slide-type=\"image\"><img loading=\"lazy\" decoding=\"async\" src=\"https:\/\/duermueller-bootsdecken.ch\/neu\/wp-content\/uploads\/2021\/11\/Winterdecke-900x600.jpg\" height=\"600\" width=\"900\" alt=\"\" class=\"slider-370 slide-425 msDefaultImage\" title=\"Winterdecke\" \/><\/li>\n            <\/ul>\n        <\/div>\n        \n    <\/div>\n<\/div><\/div>\n","protected":false},"excerpt":{"rendered":"<p>Bootsdecken f\u00fcr Motorboote Wenn Sie sich entscheiden f\u00fcr Ihr Motorboot eine Bootsdecke anzufertigen, gen\u00fcgt ein Anruf und wir vereinbaren einen unverbindlichen Termin bei Ihrem Boot bei dem Sie uns Ihre W\u00fcnsche wie die neue Bootsdecke auszusehen hat mitteilen k\u00f6nnen. Gerne zeigen wir Ihnen vor Ort die verschieden Materialien die f\u00fcr die jeweiligen gew\u00fcnschten Abdeckungen geeignet&hellip;&nbsp;<a href=\"https:\/\/duermueller-bootsdecken.ch\/neu\/bootsdecken-fuer-motorboote\/\" class=\"\" rel=\"bookmark\">Weiterlesen &raquo;<span class=\"screen-reader-text\">Motorboote<\/span><\/a><\/p>\n","protected":false},"author":1,"featured_media":0,"parent":0,"menu_order":0,"comment_status":"closed","ping_status":"closed","template":"","meta":{"inline_featured_image":false,"neve_meta_sidebar":"full-width","neve_meta_container":"","neve_meta_enable_content_width":"on","neve_meta_content_width":100,"neve_meta_title_alignment":"","neve_meta_author_avatar":"","neve_post_elements_order":"","neve_meta_disable_header":"","neve_meta_disable_footer":"","neve_meta_disable_title":"","footnotes":""},"class_list":["post-38","page","type-page","status-publish","hentry"],"_links":{"self":[{"href":"https:\/\/duermueller-bootsdecken.ch\/neu\/wp-json\/wp\/v2\/pages\/38","targetHints":{"allow":["GET"]}}],"collection":[{"href":"https:\/\/duermueller-bootsdecken.ch\/neu\/wp-json\/wp\/v2\/pages"}],"about":[{"href":"https:\/\/duermueller-bootsdecken.ch\/neu\/wp-json\/wp\/v2\/types\/page"}],"author":[{"embeddable":true,"href":"https:\/\/duermueller-bootsdecken.ch\/neu\/wp-json\/wp\/v2\/users\/1"}],"replies":[{"embeddable":true,"href":"https:\/\/duermueller-bootsdecken.ch\/neu\/wp-json\/wp\/v2\/comments?post=38"}],"version-history":[{"count":5,"href":"https:\/\/duermueller-bootsdecken.ch\/neu\/wp-json\/wp\/v2\/pages\/38\/revisions"}],"predecessor-version":[{"id":457,"href":"https:\/\/duermueller-bootsdecken.ch\/neu\/wp-json\/wp\/v2\/pages\/38\/revisions\/457"}],"wp:attachment":[{"href":"https:\/\/duermueller-bootsdecken.ch\/neu\/wp-json\/wp\/v2\/media?parent=38"}],"curies":[{"name":"wp","href":"https:\/\/api.w.org\/{rel}","templated":true}]}}