{"id":453,"date":"2021-11-17T11:00:42","date_gmt":"2021-11-17T11:00:42","guid":{"rendered":"https:\/\/duermueller-bootsdecken.ch\/neu\/?page_id=453"},"modified":"2021-11-18T06:46:23","modified_gmt":"2021-11-18T06:46:23","slug":"huellen","status":"publish","type":"page","link":"https:\/\/duermueller-bootsdecken.ch\/neu\/huellen\/","title":{"rendered":"Abdeckh\u00fcllen"},"content":{"rendered":"\n<h2 class=\"wp-block-heading\">Abdeckh\u00fcllen f\u00fcr Gartenm\u00f6bel<\/h2>\n\n\n\n<div class=\"alignnormal\"><div id=\"metaslider-id-426\" style=\"max-width: 900px;\" class=\"ml-slider-3-102-0 metaslider metaslider-flex metaslider-426 ml-slider has-dots-nav ms-theme-cubic\" role=\"region\" aria-label=\"Abdeckh\u00fcllen\" data-height=\"600\" data-width=\"900\">\n    <div id=\"metaslider_container_426\">\n        <div id=\"metaslider_426\">\n            <ul class='slides'>\n                <li style=\"display: block; width: 100%;\" class=\"slide-450 ms-image \" aria-roledescription=\"slide\" data-date=\"2021-11-17 10:59:54\" data-slide-type=\"image\"><img loading=\"lazy\" decoding=\"async\" src=\"https:\/\/duermueller-bootsdecken.ch\/neu\/wp-content\/uploads\/2021\/11\/Gartenmo\u0308bel-900x600.jpg\" height=\"600\" width=\"900\" alt=\"\" class=\"slider-426 slide-450 msDefaultImage\" title=\"Gartenmo\u0308bel\" \/><\/li>\n                <li style=\"display: none; width: 100%;\" class=\"slide-451 ms-image \" aria-roledescription=\"slide\" data-date=\"2021-11-17 10:59:54\" data-slide-type=\"image\"><img loading=\"lazy\" decoding=\"async\" src=\"https:\/\/duermueller-bootsdecken.ch\/neu\/wp-content\/uploads\/2021\/11\/Liegebett-751x500.jpg\" height=\"600\" width=\"900\" alt=\"\" class=\"slider-426 slide-451 msDefaultImage\" title=\"Liegebett\" \/><\/li>\n                <li style=\"display: none; width: 100%;\" class=\"slide-452 ms-image \" aria-roledescription=\"slide\" data-date=\"2021-11-17 10:59:54\" data-slide-type=\"image\"><img loading=\"lazy\" decoding=\"async\" src=\"https:\/\/duermueller-bootsdecken.ch\/neu\/wp-content\/uploads\/2021\/11\/Lounge-865x577.jpg\" height=\"600\" width=\"900\" alt=\"\" class=\"slider-426 slide-452 msDefaultImage\" title=\"Lounge\" \/><\/li>\n            <\/ul>\n        <\/div>\n        \n    <\/div>\n<\/div><\/div>\n","protected":false},"excerpt":{"rendered":"<p>Abdeckh\u00fcllen f\u00fcr Gartenm\u00f6bel<\/p>\n","protected":false},"author":1,"featured_media":0,"parent":0,"menu_order":0,"comment_status":"closed","ping_status":"closed","template":"","meta":{"inline_featured_image":false,"neve_meta_sidebar":"full-width","neve_meta_container":"","neve_meta_enable_content_width":"on","neve_meta_content_width":100,"neve_meta_title_alignment":"","neve_meta_author_avatar":"","neve_post_elements_order":"","neve_meta_disable_header":"","neve_meta_disable_footer":"","neve_meta_disable_title":"","footnotes":""},"class_list":["post-453","page","type-page","status-publish","hentry"],"_links":{"self":[{"href":"https:\/\/duermueller-bootsdecken.ch\/neu\/wp-json\/wp\/v2\/pages\/453","targetHints":{"allow":["GET"]}}],"collection":[{"href":"https:\/\/duermueller-bootsdecken.ch\/neu\/wp-json\/wp\/v2\/pages"}],"about":[{"href":"https:\/\/duermueller-bootsdecken.ch\/neu\/wp-json\/wp\/v2\/types\/page"}],"author":[{"embeddable":true,"href":"https:\/\/duermueller-bootsdecken.ch\/neu\/wp-json\/wp\/v2\/users\/1"}],"replies":[{"embeddable":true,"href":"https:\/\/duermueller-bootsdecken.ch\/neu\/wp-json\/wp\/v2\/comments?post=453"}],"version-history":[{"count":2,"href":"https:\/\/duermueller-bootsdecken.ch\/neu\/wp-json\/wp\/v2\/pages\/453\/revisions"}],"predecessor-version":[{"id":458,"href":"https:\/\/duermueller-bootsdecken.ch\/neu\/wp-json\/wp\/v2\/pages\/453\/revisions\/458"}],"wp:attachment":[{"href":"https:\/\/duermueller-bootsdecken.ch\/neu\/wp-json\/wp\/v2\/media?parent=453"}],"curies":[{"name":"wp","href":"https:\/\/api.w.org\/{rel}","templated":true}]}}