{"id":84,"date":"2021-04-23T12:27:10","date_gmt":"2021-04-23T12:27:10","guid":{"rendered":"http:\/\/duermueller-bootsdecken.ch\/neu\/?page_id=84"},"modified":"2021-11-17T11:05:57","modified_gmt":"2021-11-17T11:05:57","slug":"segelboote","status":"publish","type":"page","link":"https:\/\/duermueller-bootsdecken.ch\/neu\/segelboote\/","title":{"rendered":"Segelboote"},"content":{"rendered":"\n<h2 class=\"wp-block-heading\">Bootsdecken f\u00fcr <strong>Segelboote<\/strong><\/h2>\n\n\n\n<p>Sobald Sie sich f\u00fcr eine neue Bootsdecke f\u00fcr Ihr Segelboot entschieden haben, rufen Sie uns an. Wir vereinbaren einen unverbindlichen Termin bei Ihrem Boot und sprechen \u00fcber Ihre W\u00fcnsche und Vorstellungen. Vor Ort k\u00f6nnen wir Ihnen auch die verschiedenen Materialien vorstellen und gemeinsam entscheiden, welches Material sich f\u00fcr Ihr spezielles Objekt am besten eignet.<\/p>\n\n\n\n<p>Es ist uns ein Anliegen, Sie professionell zu beraten, damit Sie nicht nur zufrieden sind mit unserem Produkt, sondern auch viele Jahre Freude damit haben. <\/p>\n\n\n\n<div class=\"alignnormal\"><div id=\"metaslider-id-376\" style=\"max-width: 900px;\" class=\"ml-slider-3-102-0 metaslider metaslider-flex metaslider-376 ml-slider has-dots-nav ms-theme-cubic\" role=\"region\" aria-label=\"Segelboote\" data-height=\"600\" data-width=\"900\">\n    <div id=\"metaslider_container_376\">\n        <div id=\"metaslider_376\">\n            <ul class='slides'>\n                <li style=\"display: block; width: 100%;\" class=\"slide-384 ms-image \" aria-roledescription=\"slide\" data-date=\"2021-11-17 10:52:11\" data-slide-type=\"image\"><img loading=\"lazy\" decoding=\"async\" src=\"https:\/\/duermueller-bootsdecken.ch\/neu\/wp-content\/uploads\/2021\/11\/Segeldecke-mit-U\u0308berhang-900x600.jpg\" height=\"600\" width=\"900\" alt=\"\" class=\"slider-376 slide-384 msDefaultImage\" title=\"Segeldecke mit U\u0308berhang\" \/><\/li>\n                <li style=\"display: none; width: 100%;\" class=\"slide-385 ms-image \" aria-roledescription=\"slide\" data-date=\"2021-11-17 10:52:11\" data-slide-type=\"image\"><img loading=\"lazy\" decoding=\"async\" src=\"https:\/\/duermueller-bootsdecken.ch\/neu\/wp-content\/uploads\/2021\/11\/Segeldecke-900x600.jpg\" height=\"600\" width=\"900\" alt=\"\" class=\"slider-376 slide-385 msDefaultImage\" title=\"Segeldecke\" \/><\/li>\n            <\/ul>\n        <\/div>\n        \n    <\/div>\n<\/div><\/div>\n\n\n\n<p><\/p>\n","protected":false},"excerpt":{"rendered":"<p>Bootsdecken f\u00fcr Segelboote Sobald Sie sich f\u00fcr eine neue Bootsdecke f\u00fcr Ihr Segelboot entschieden haben, rufen Sie uns an. Wir vereinbaren einen unverbindlichen Termin bei Ihrem Boot und sprechen \u00fcber Ihre W\u00fcnsche und Vorstellungen. Vor Ort k\u00f6nnen wir Ihnen auch die verschiedenen Materialien vorstellen und gemeinsam entscheiden, welches Material sich f\u00fcr Ihr spezielles Objekt am&hellip;&nbsp;<a href=\"https:\/\/duermueller-bootsdecken.ch\/neu\/segelboote\/\" class=\"\" rel=\"bookmark\">Weiterlesen &raquo;<span class=\"screen-reader-text\">Segelboote<\/span><\/a><\/p>\n","protected":false},"author":1,"featured_media":0,"parent":0,"menu_order":0,"comment_status":"closed","ping_status":"closed","template":"","meta":{"inline_featured_image":false,"neve_meta_sidebar":"full-width","neve_meta_container":"","neve_meta_enable_content_width":"on","neve_meta_content_width":100,"neve_meta_title_alignment":"","neve_meta_author_avatar":"","neve_post_elements_order":"","neve_meta_disable_header":"","neve_meta_disable_footer":"","neve_meta_disable_title":"","footnotes":""},"class_list":["post-84","page","type-page","status-publish","hentry"],"_links":{"self":[{"href":"https:\/\/duermueller-bootsdecken.ch\/neu\/wp-json\/wp\/v2\/pages\/84","targetHints":{"allow":["GET"]}}],"collection":[{"href":"https:\/\/duermueller-bootsdecken.ch\/neu\/wp-json\/wp\/v2\/pages"}],"about":[{"href":"https:\/\/duermueller-bootsdecken.ch\/neu\/wp-json\/wp\/v2\/types\/page"}],"author":[{"embeddable":true,"href":"https:\/\/duermueller-bootsdecken.ch\/neu\/wp-json\/wp\/v2\/users\/1"}],"replies":[{"embeddable":true,"href":"https:\/\/duermueller-bootsdecken.ch\/neu\/wp-json\/wp\/v2\/comments?post=84"}],"version-history":[{"count":8,"href":"https:\/\/duermueller-bootsdecken.ch\/neu\/wp-json\/wp\/v2\/pages\/84\/revisions"}],"predecessor-version":[{"id":703,"href":"https:\/\/duermueller-bootsdecken.ch\/neu\/wp-json\/wp\/v2\/pages\/84\/revisions\/703"}],"wp:attachment":[{"href":"https:\/\/duermueller-bootsdecken.ch\/neu\/wp-json\/wp\/v2\/media?parent=84"}],"curies":[{"name":"wp","href":"https:\/\/api.w.org\/{rel}","templated":true}]}}