{"id":86,"date":"2021-04-23T12:31:29","date_gmt":"2021-04-23T12:31:29","guid":{"rendered":"http:\/\/duermueller-bootsdecken.ch\/neu\/?page_id=86"},"modified":"2021-11-17T10:34:10","modified_gmt":"2021-11-17T10:34:10","slug":"bootsverdecke","status":"publish","type":"page","link":"https:\/\/duermueller-bootsdecken.ch\/neu\/bootsverdecke\/","title":{"rendered":"Bootsverdecke"},"content":{"rendered":"\n<h2 class=\"wp-block-heading\"><strong>Bootsverdecke<\/strong><\/h2>\n\n\n\n<p>Sollten Sie sich entschieden haben auf Ihren Motor- oder Segelboot ein neues Verdeck\/Sprayhood anzubringen, bzw. das bestehende abzu\u00e4ndern, dann sind Sie bei uns an der richtigen Adresse.<\/p>\n\n\n\n<p>Gerne k\u00f6nnen Sie uns Ihre diesbez\u00fcglichen W\u00fcnsche und Vorstellungen vorlegen. Wir beraten Sie v\u00f6llig unverbindlich ! Profitieren Sie von unserer langj\u00e4hrigen Erfahrung im Umgang mit Materialien und Produkten, die eine optimale Abdeckung Ihres Objektes erm\u00f6glichen. Auf die Herstellung von Verdeckgest\u00e4ngen in allen erdenklichen Gr\u00f6ssen und Breiten sowie unterschiedlichen Materialien (Aluminium, Chromstahl) haben wir uns spezialisiert.<\/p>\n\n\n\n<div class=\"alignnormal\"><div id=\"metaslider-id-357\" style=\"max-width: 900px;\" class=\"ml-slider-3-102-0 metaslider metaslider-flex metaslider-357 ml-slider has-dots-nav ms-theme-cubic\" role=\"region\" aria-label=\"Bootsverdecke\" data-height=\"600\" data-width=\"900\">\n    <div id=\"metaslider_container_357\">\n        <div id=\"metaslider_357\">\n            <ul class='slides'>\n                <li style=\"display: block; width: 100%;\" class=\"slide-363 ms-image \" aria-roledescription=\"slide\" data-date=\"2021-11-17 10:32:54\" data-slide-type=\"image\"><img loading=\"lazy\" decoding=\"async\" src=\"https:\/\/duermueller-bootsdecken.ch\/neu\/wp-content\/uploads\/2021\/11\/Bimini-900x600.jpg\" height=\"600\" width=\"900\" alt=\"\" class=\"slider-357 slide-363 msDefaultImage\" title=\"Bimini\" \/><\/li>\n                <li style=\"display: none; width: 100%;\" class=\"slide-364 ms-image \" aria-roledescription=\"slide\" data-date=\"2021-11-17 10:32:54\" data-slide-type=\"image\"><img loading=\"lazy\" decoding=\"async\" src=\"https:\/\/duermueller-bootsdecken.ch\/neu\/wp-content\/uploads\/2021\/11\/Sonnenverdeck-900x600.jpg\" height=\"600\" width=\"900\" alt=\"\" class=\"slider-357 slide-364 msDefaultImage\" title=\"Sonnenverdeck\" \/><\/li>\n                <li style=\"display: none; width: 100%;\" class=\"slide-365 ms-image \" aria-roledescription=\"slide\" data-date=\"2021-11-17 10:32:54\" data-slide-type=\"image\"><img loading=\"lazy\" decoding=\"async\" src=\"https:\/\/duermueller-bootsdecken.ch\/neu\/wp-content\/uploads\/2021\/11\/Sprayhood-900x600.jpg\" height=\"600\" width=\"900\" alt=\"\" class=\"slider-357 slide-365 msDefaultImage\" title=\"Sprayhood\" \/><\/li>\n                <li style=\"display: none; width: 100%;\" class=\"slide-366 ms-image \" aria-roledescription=\"slide\" data-date=\"2021-11-17 10:32:54\" data-slide-type=\"image\"><img loading=\"lazy\" decoding=\"async\" src=\"https:\/\/duermueller-bootsdecken.ch\/neu\/wp-content\/uploads\/2021\/11\/Verdeck-mit-Sitenscheiben-900x600.jpg\" height=\"600\" width=\"900\" alt=\"\" class=\"slider-357 slide-366 msDefaultImage\" title=\"Verdeck mit Sitenscheiben\" \/><\/li>\n                <li style=\"display: none; width: 100%;\" class=\"slide-367 ms-image \" aria-roledescription=\"slide\" data-date=\"2021-11-17 10:32:54\" data-slide-type=\"image\"><img loading=\"lazy\" decoding=\"async\" src=\"https:\/\/duermueller-bootsdecken.ch\/neu\/wp-content\/uploads\/2021\/11\/Verdeck-900x600.jpg\" height=\"600\" width=\"900\" alt=\"\" class=\"slider-357 slide-367 msDefaultImage\" title=\"Verdeck\" \/><\/li>\n            <\/ul>\n        <\/div>\n        \n    <\/div>\n<\/div><\/div>\n","protected":false},"excerpt":{"rendered":"<p>Bootsverdecke Sollten Sie sich entschieden haben auf Ihren Motor- oder Segelboot ein neues Verdeck\/Sprayhood anzubringen, bzw. das bestehende abzu\u00e4ndern, dann sind Sie bei uns an der richtigen Adresse. Gerne k\u00f6nnen Sie uns Ihre diesbez\u00fcglichen W\u00fcnsche und Vorstellungen vorlegen. Wir beraten Sie v\u00f6llig unverbindlich ! Profitieren Sie von unserer langj\u00e4hrigen Erfahrung im Umgang mit Materialien und&hellip;&nbsp;<a href=\"https:\/\/duermueller-bootsdecken.ch\/neu\/bootsverdecke\/\" class=\"\" rel=\"bookmark\">Weiterlesen &raquo;<span class=\"screen-reader-text\">Bootsverdecke<\/span><\/a><\/p>\n","protected":false},"author":1,"featured_media":0,"parent":0,"menu_order":0,"comment_status":"closed","ping_status":"closed","template":"","meta":{"inline_featured_image":false,"neve_meta_sidebar":"full-width","neve_meta_container":"","neve_meta_enable_content_width":"on","neve_meta_content_width":100,"neve_meta_title_alignment":"","neve_meta_author_avatar":"","neve_post_elements_order":"","neve_meta_disable_header":"","neve_meta_disable_footer":"","neve_meta_disable_title":"","footnotes":""},"class_list":["post-86","page","type-page","status-publish","hentry"],"_links":{"self":[{"href":"https:\/\/duermueller-bootsdecken.ch\/neu\/wp-json\/wp\/v2\/pages\/86","targetHints":{"allow":["GET"]}}],"collection":[{"href":"https:\/\/duermueller-bootsdecken.ch\/neu\/wp-json\/wp\/v2\/pages"}],"about":[{"href":"https:\/\/duermueller-bootsdecken.ch\/neu\/wp-json\/wp\/v2\/types\/page"}],"author":[{"embeddable":true,"href":"https:\/\/duermueller-bootsdecken.ch\/neu\/wp-json\/wp\/v2\/users\/1"}],"replies":[{"embeddable":true,"href":"https:\/\/duermueller-bootsdecken.ch\/neu\/wp-json\/wp\/v2\/comments?post=86"}],"version-history":[{"count":5,"href":"https:\/\/duermueller-bootsdecken.ch\/neu\/wp-json\/wp\/v2\/pages\/86\/revisions"}],"predecessor-version":[{"id":369,"href":"https:\/\/duermueller-bootsdecken.ch\/neu\/wp-json\/wp\/v2\/pages\/86\/revisions\/369"}],"wp:attachment":[{"href":"https:\/\/duermueller-bootsdecken.ch\/neu\/wp-json\/wp\/v2\/media?parent=86"}],"curies":[{"name":"wp","href":"https:\/\/api.w.org\/{rel}","templated":true}]}}